{"id":1882,"date":"2022-10-13T17:50:03","date_gmt":"2022-10-13T15:50:03","guid":{"rendered":"https:\/\/kolonialmarken.de\/presentations-pdf\/"},"modified":"2026-04-02T11:55:22","modified_gmt":"2026-04-02T09:55:22","slug":"presentations-pdf","status":"publish","type":"page","link":"https:\/\/kolonialmarken.de\/en\/presentations-pdf\/","title":{"rendered":"Presentations PDF"},"content":{"rendered":"<p>[et_pb_section fb_built=&#8221;1&#8243; admin_label=&#8221;Header&#8221; _builder_version=&#8221;4.17.6&#8243; _module_preset=&#8221;default&#8221; custom_padding=&#8221;||0px|||&#8221; global_colors_info=&#8221;{}&#8221;][et_pb_row _builder_version=&#8221;4.21.0&#8243; _module_preset=&#8221;default&#8221; global_colors_info=&#8221;{}&#8221;][et_pb_column type=&#8221;4_4&#8243; _builder_version=&#8221;4.16&#8243; _module_preset=&#8221;default&#8221; global_colors_info=&#8221;{}&#8221;][et_pb_text _builder_version=&#8221;4.18.0&#8243; _module_preset=&#8221;d72c0383-6487-4f2c-ac5c-7d48a6376757&#8243; header_font=&#8221;||||||||&#8221; header_text_color=&#8221;#000000&#8243; header_font_size=&#8221;50px&#8221; header_line_height=&#8221;1.1em&#8221; header_font_size_tablet=&#8221;60px&#8221; header_font_size_phone=&#8221;26px&#8221; header_font_size_last_edited=&#8221;on|phone&#8221; global_colors_info=&#8221;{}&#8221;]<\/p>\n<h1>Presentations PDF<\/h1>\n<p>[\/et_pb_text][et_pb_text _builder_version=&#8221;4.27.4&#8243; _module_preset=&#8221;default&#8221; global_colors_info=&#8221;{}&#8221;]<\/p>\n<p>On this page you will find presentations in PDF format given by our members at annual general meetings (JHV) or regional meetings (RT), as well as articles published elsewhere. The copyright of these publications remains with the authors. The use of an excerpt is permitted provided the reference is given and this page is cited; any further use or publication of the presentations without written permission is prohibited.<\/p>\n<p>[\/et_pb_text][\/et_pb_column][\/et_pb_row][\/et_pb_section][et_pb_section fb_built=&#8221;1&#8243; _builder_version=&#8221;4.18.0&#8243; _module_preset=&#8221;default&#8221; custom_padding=&#8221;4px|||||&#8221; global_colors_info=&#8221;{}&#8221;][et_pb_row _builder_version=&#8221;4.18.0&#8243; _module_preset=&#8221;default&#8221; global_colors_info=&#8221;{}&#8221;][et_pb_column type=&#8221;4_4&#8243; _builder_version=&#8221;4.18.0&#8243; _module_preset=&#8221;default&#8221; global_colors_info=&#8221;{}&#8221;][et_pb_text _builder_version=&#8221;4.27.4&#8243; _module_preset=&#8221;default&#8221; locked=&#8221;off&#8221; global_colors_info=&#8221;{}&#8221;]<\/p>\n<h2>\u00a0Post Offices in China<\/h2>\n<blockquote>\n<ul>\n<li><span><a href=\"https:\/\/kolonialmarken.de\/wp-content\/uploads\/2026\/04\/DPC-Nebenstempel-Feldpostbrief.pdf\" target=\"_blank\" rel=\"noopener\">Boxeraufstand 1900\/01 &#8211; Nebenstempel Feldpostbrief<\/a> Karl-Heinz Herhold RT M\u00fclheim 03\/2026 <span style=\"color: #ff0000;\"><strong>New!<\/strong><\/span><\/span><span style=\"color: #ff0000;\"><strong>\u00a0<\/strong><\/span><\/li>\n<li><a href=\"https:\/\/kolonialmarken.de\/wp-content\/uploads\/2025\/11\/Kurzvortrag-Die-Nutzung-von-Telegrammumschlaegen-bei-der-KDFPS-Nr.7.pdf\" target=\"_blank\" rel=\"noopener\">Die Nutzung von vorgedruckten Telegrammumschl\u00e4gen bei der KDFPS Nr. 7 <\/a> Achim Jaroschinsky RT Ulm 2025 <span style=\"color: #ff0000;\"><strong>New!<\/strong><\/span><span><\/span><\/li>\n<li><span><a href=\"https:\/\/kolonialmarken.de\/wp-content\/uploads\/2025\/06\/Korps-Telegraphenabteilung.pdf\" target=\"_blank\" rel=\"noopener\">Die Feld-Telegraphen-Abteilung des ostasiatischen Expeditionscorps<\/a><span>\u00a0<\/span>Karl-Heinz Herhold RT M\u00fclheim 06\/2025<\/span><\/li>\n<li><a href=\"https:\/\/kolonialmarken.de\/wp-content\/uploads\/2025\/11\/7.-Aktualisierte-ueberarbeitete-Zusammenfassung-Summary.pdf\" target=\"_blank\" rel=\"noopener\">KDFPS \u2116 6 und \u2116 7 w\u00e4hrend des sogenannten Boxeraufstands<\/a><span>\u00a0<\/span>Achim Jaroschinsky JHV 2025<\/li>\n<li><span><a href=\"https:\/\/kolonialmarken.de\/wp-content\/uploads\/2025\/03\/Deutsche-Post-China-VL.pdf\" target=\"_blank\" rel=\"noopener\">Deutsche Post China, Vorl\u00e4ufer 37c, d und Pfennig Ausgabe<\/a><span>\u00a0<\/span>Karl-Heinz Herhold RT M\u00fclheim 03\/2025<\/span><\/li>\n<li><span><a href=\"https:\/\/kolonialmarken.de\/wp-content\/uploads\/2024\/11\/Cornabe-Co.-Post-aus-Tschifu.pdf\" target=\"_blank\" rel=\"noopener\">CORNABE &amp; Co., Post aus Tschifu<\/a> Karl-Heinz Herhold RT M\u00fclheim 11\/2024<\/span><\/li>\n<li><span><a href=\"https:\/\/kolonialmarken.de\/wp-content\/uploads\/2024\/06\/Hankau-DP-fuer-Regional.pdf\" target=\"_blank\" rel=\"noopener\">Post aus Hankau vor Er\u00f6ffnung der Deutschen Post<\/a>\u00a0 Karl-Heinz Herhold RT M\u00fclheim 03\/2024<\/span><\/li>\n<li><span><a href=\"https:\/\/kolonialmarken.de\/wp-content\/uploads\/2023\/06\/Z-Lazarettschiff-Savoia.pdf\" target=\"_blank\" rel=\"noopener\">Lazarettschiff \u201eSavoia\u201c<\/a>\u00a0 Karl-Heinz Herhold RT M\u00fclheim 04\/2023\u00a0<\/span><span><\/span><\/li>\n<li><span><a href=\"https:\/\/kolonialmarken.de\/wp-content\/uploads\/2022\/11\/Sgt.-Paul-in-China-Kopie-ArGe-Treffen.pdf\" target=\"_blank\" rel=\"noopener\">Sgt. Christian Paul in China<\/a>\u00a0 Karl-Heinz Herhold RT M\u00fclheim 11\/2022\u00a0<\/span><\/li>\n<li><a href=\"https:\/\/kolonialmarken.de\/wp-content\/uploads\/2022\/10\/China-Knell-Chinesische-Ganzsachen-im-Verkehr-mit-dem-Weltpostverein-2022.pdf\">Welches Porto war korrekt, wenn man chinesische Ganzsachen verwendete und diese in den Bereich des Weltpostvereins versandt hatte?\u201c<\/a> Thomas Knell JHV 2022<\/li>\n<li><a href=\"https:\/\/kolonialmarken.de\/wp-content\/uploads\/2022\/10\/China-Knell-Doppelfrankaturen-China-2014.pdf\">Doppelfrankaturen China<\/a> Thomas Knell JHV 2014<\/li>\n<li><a href=\"https:\/\/kolonialmarken.de\/wp-content\/uploads\/2022\/10\/China-Knell-Nachnahme-China-2014.pdf\">Nachnahmen China<\/a> Thomas Knell JHV 2014<\/li>\n<\/ul>\n<\/blockquote>\n<p>&nbsp;<\/p>\n<h2>Post Offices in Morocco<\/h2>\n<p>&nbsp;<\/p>\n<h2>Post Offices in Turkey<\/h2>\n<blockquote>\n<ul>\n<li><span><a href=\"https:\/\/kolonialmarken.de\/wp-content\/uploads\/2024\/11\/Expeditionsmission-Bopp.pdf\" target=\"_blank\" rel=\"noopener\">Die Expeditionsmission Bopp in Persien<\/a> Rainer Iwan RT M\u00fclheim 11\/2024<\/span><\/li>\n<li><span><a href=\"https:\/\/kolonialmarken.de\/wp-content\/uploads\/2024\/11\/Feldpostanweisungen.pdf\" target=\"_blank\" rel=\"noopener\">Feldpostanweisungsverkehr der Milit\u00e4rmission T\u00fcrkei<\/a> Rainer Iwan RT M\u00fclheim<\/span><\/li>\n<li><span><a href=\"https:\/\/kolonialmarken.de\/wp-content\/uploads\/2024\/11\/Arghana-Maden.pdf\" target=\"_blank\" rel=\"noopener\">Arghana Maden &#8211; eine Deutsche Feldpoststation<\/a> Rainer Iwan RT M\u00fclheim<\/span><\/li>\n<li><span><a href=\"https:\/\/kolonialmarken.de\/wp-content\/uploads\/2024\/11\/Interniertenpost-ueber-die-britische-Feldpost.pdf\" target=\"_blank\" rel=\"noopener\">Interniertenpost deutscher Milit\u00e4rangeh\u00f6riger in der T\u00fcrkei &#8211; bef\u00f6rdert mit britischer Feldpost<\/a> Rainer Iwan RT M\u00fclheim<\/span><\/li>\n<li><a href=\"https:\/\/kolonialmarken.de\/wp-content\/uploads\/2022\/10\/Tu%CC%88rkei-No%CC%88ssig-Leitwege-und-fru%CC%88he-Post-von-Constantinopel-nach-Deutschland-2018.pdf\">Leitwege(-zuordnung) fr\u00fcher Deutscher Post aus Constantinopel<\/a> Tilmann N\u00f6ssig JHV 2018<\/li>\n<li><a href=\"https:\/\/kolonialmarken.de\/wp-content\/uploads\/2022\/10\/Tu%CC%88rkei-Kiepe-DP-Constantinopel-und-WPV-2018.pdf\">Der Weg zum Weltpostverein und die Deutsche Post in Constantinopel<\/a> Dr. Hansj\u00fcrgen Kiepe JHV 2018<\/li>\n<li><a href=\"https:\/\/kolonialmarken.de\/wp-content\/uploads\/2022\/10\/Tu%CC%88rkei-No%CC%88ssig-Unbestellbar-2017.pdf\">Unbestellbar aus Constantionopel<\/a> Tilmann N\u00f6ssig JHV 2017<\/li>\n<li><a href=\"https:\/\/kolonialmarken.de\/wp-content\/uploads\/2022\/10\/Tu%CC%88rkei-Knieper-Belege-Tu%CC%88rkei-2014.pdf\">Belege T\u00fcrkei<\/a> Manfred Knieper JHV 2014<\/li>\n<\/ul>\n<\/blockquote>\n<p>&nbsp;<\/p>\n<h2>German East Africa<\/h2>\n<blockquote>\n<ul>\n<li><span><a href=\"https:\/\/kolonialmarken.de\/wp-content\/uploads\/2025\/12\/Meyer-Claus-Peter-Silber-haben-wir-keines-aber-Gold-haben-wir-genug-Ausgabe-2025.pdf\" target=\"_blank\" rel=\"noopener\"><\/a><\/span><a href=\"https:\/\/kolonialmarken.de\/wp-content\/uploads\/2026\/03\/DOA_Westafrika.pdf\" target=\"_blank\" rel=\"noopener\">West Afrika \u2013 DOA: Leitwege und Laufzeiten \u2013 Teil 1: DOA \u2013 Togo, Gabun, Liberia<\/a>\u00a0 Hans-Joachim Soll RT Hannover 03\/2026<span> <span class=\"S1PPyQ\" style=\"color: #ff0000;\"><strong>New!<\/strong><\/span><\/span><\/li>\n<li><span><a href=\"https:\/\/kolonialmarken.de\/wp-content\/uploads\/2025\/12\/Meyer-Claus-Peter-Silber-haben-wir-keines-aber-Gold-haben-wir-genug-Ausgabe-2025.pdf\" target=\"_blank\" rel=\"noopener\">Silber haben wir keines, aber Gold haben wir genug!<\/a><span>\u00a0<\/span>Claus-Peter Meyer money trend 10\/2025<span> <span class=\"S1PPyQ\" style=\"color: #ff0000;\"><strong>New!<\/strong><\/span><\/span><\/span><\/li>\n<li><span><a href=\"https:\/\/kolonialmarken.de\/wp-content\/uploads\/2025\/12\/Meyer-Claus-Peter-Die-Banknoten-der-Deutsch-Ostafrikanischen-Bank-von-1905-bis-1914-die-Friedensausgaben-Ausgabe-2025.pdf\" target=\"_blank\" rel=\"noopener\">Die Banknoten der Deutsch-Ostafrikanischen Bank von 1905 bis 1914<\/a><span>\u00a0<\/span>Claus-Peter Meyer money trend 09\/2025<span> <span class=\"S1PPyQ\" style=\"color: #ff0000;\"><strong>New!<\/strong><\/span><\/span><\/span><\/li>\n<li><a href=\"https:\/\/kolonialmarken.de\/wp-content\/uploads\/2025\/06\/Pakete-ueber-die-Ugandabahn.pdf\" target=\"_blank\" rel=\"noopener\"><span><\/span><\/a><a href=\"https:\/\/kolonialmarken.de\/wp-content\/uploads\/2025\/06\/Pegasus-Postaustausch-9.8.1914.pdf\" target=\"_blank\" rel=\"noopener\">Deutsch Ostafrika im 1. Weltkrieg &#8211; Zensurbrief vom Postaustausch mit dem Kreuzer \u201ePegasus\u201c nach England<\/a> Rainer Iwan RT M\u00fclheim 06\/2025<\/li>\n<li><a href=\"https:\/\/kolonialmarken.de\/wp-content\/uploads\/2025\/06\/Pakete-ueber-die-Ugandabahn.pdf\" target=\"_blank\" rel=\"noopener\">Pakete \u00fcber die Ugandabahn<\/a><span>\u00a0<\/span>Harald Krieg JHV 2025<\/li>\n<li><a href=\"https:\/\/kolonialmarken.de\/wp-content\/uploads\/2025\/06\/6-N-Postagentur_Bismarckburg.pdf\" target=\"_blank\" rel=\"noopener\">Die Postagentur in Bismarckburg<\/a><span>\u00a0<\/span>Hans-Joachim Soll JHV 2025<\/li>\n<li><a href=\"https:\/\/kolonialmarken.de\/wp-content\/uploads\/2025\/06\/5-N-Lamu-Winkel-3.pdf\" target=\"_blank\" rel=\"noopener\">Die LAMU-Winkel-3 und andere alte Datumstypen von Lamu in sp\u00e4terer Verwendung<\/a><span>\u00a0<\/span>Philipp Ruge JHV 2025<\/li>\n<li><a href=\"https:\/\/kolonialmarken.de\/wp-content\/uploads\/2024\/11\/Postaustausch-Duplex.pdf\" target=\"_blank\" rel=\"noopener\" style=\"font-size: 14px;\">Postaustausch mit dem britischen Dampfer \u201eDuplex\u201c w\u00e4hrend des 1. Weltkrieges<\/a><span style=\"font-size: 14px;\"> Rainer Iwan RT M\u00fclheim<\/span><span><\/span><\/li>\n<li><span><a href=\"https:\/\/kolonialmarken.de\/wp-content\/uploads\/2024\/11\/Postvermittlung-Dt.-Hilfsverein-Stockholm.pdf\" target=\"_blank\" rel=\"noopener\">Deutsch-Ostafrika \u2013 Postvermittlung durch den \u201eDeutschen Hilfsverein, Stockholm\u201c<\/a> Rainer Iwan RT M\u00fclheim<\/span><\/li>\n<li><a href=\"https:\/\/kolonialmarken.de\/wp-content\/uploads\/2023\/07\/Die-ersten-Innenstationen-1895.pdf\" target=\"_blank\" rel=\"noopener\">Die Einrichtung der ersten Postanstalten im Innern von DOA 1895\/96<\/a>\u00a0 Hans-Joachim Soll RT M\u00fclheim 04\/2023<\/li>\n<li><a href=\"https:\/\/kolonialmarken.de\/wp-content\/uploads\/2023\/06\/Paul-Devers-und-seine-Unternehmungen-in-DOA-1895-bis-1916_2.pdf\" target=\"_blank\" rel=\"noopener\">Paul Devers und seine Unternehmungen in DOA 1895 bis 1916<\/a>\u00a0 Hans-Joachim Soll RT Berlin 2022<\/li>\n<li><a href=\"https:\/\/kolonialmarken.de\/wp-content\/uploads\/2022\/10\/DOA-Krieg-Ein-Brief-aus-Zanzibar-2022.pdf\">Ein Brief aus Zanzibar<\/a> Harald Krieg JHV 2022<\/li>\n<li><a href=\"https:\/\/kolonialmarken.de\/wp-content\/uploads\/2022\/11\/Expeditionspost-in-DOA_Teil2.pdf\" target=\"_blank\" rel=\"noopener\">Expeditionspost in DOA (Teil2)<\/a>\u00a0 Hans-Joachim Soll 10.Zoom Meeting 2\/2022<\/li>\n<li><a href=\"https:\/\/kolonialmarken.de\/wp-content\/uploads\/2022\/10\/DOA-Krieg-Antwortkarten-Hannover-2021.pdf\">Die Verwendung von internationalen Antwortkarten von bzw. in Deutsch Ostafrika<\/a> Harald Krieg RT Hannover 2021<\/li>\n<li><a href=\"https:\/\/kolonialmarken.de\/wp-content\/uploads\/2022\/12\/Frauen-in-DOA.pdf\" target=\"_blank\" rel=\"noopener\">Frauen in DOA<\/a>\u00a0 Hans-Joachim Soll 3.Zoom Meeting 2\/2021<\/li>\n<li><a href=\"https:\/\/kolonialmarken.de\/wp-content\/uploads\/2022\/11\/Expeditionspost-in-DOA_Teil1.pdf\" target=\"_blank\" rel=\"noopener\">Expeditionspost in DOA (Teil1)<\/a>\u00a0 Hans-Joachim Soll 1.Zoom Meeting 11\/2020<\/li>\n<li><a href=\"https:\/\/kolonialmarken.de\/wp-content\/uploads\/2022\/11\/Sindelfingen-PZ-Exponat-A.pdf\" target=\"_blank\" rel=\"noopener\">Deutsch-Ostafrika im Spiegel der Postgeschichte<\/a> <span>Paolo Zavattoni Sindelfingen 2019\u00a0<\/span><\/li>\n<li><span><a href=\"https:\/\/kolonialmarken.de\/wp-content\/uploads\/2022\/12\/Feldpost-waehrend-des-Maji-Maji-Aufstandes-in-Deutsch-Ostafrika-1905.pdf\" target=\"_blank\" rel=\"noopener\">&#8220;Feldpost\u201c w\u00e4hrend des Maji-Maji-Aufstandes in Deutsch-Ostafrika 1905<\/a> Markus Kreckel RT Hamburg 2019\u00a0<\/span><span><\/span><\/li>\n<li><a href=\"https:\/\/kolonialmarken.de\/wp-content\/uploads\/2022\/10\/DOA-Soll-Die-kath-Mission-in-Deutsch-Ostafrika-2019.pdf\">Katholische Missionen in DOA und Ihre Post<\/a> Hans-Joachim Soll JHV 2019<\/li>\n<li><a href=\"https:\/\/kolonialmarken.de\/wp-content\/uploads\/2022\/10\/DOA-Halle-Antisklaverei-2018.pdf\">Die Expeditionen des deutschen Antisklaverei-Komitees in DOA<\/a> Olaf Halle JHV 2018<\/li>\n<li><a href=\"https:\/\/kolonialmarken.de\/wp-content\/uploads\/2022\/10\/DOA-Soll-Amani-2018.pdf\">Das Biologisch &#8211; Landwirtschaftliche Institut in Amani<\/a> Hans-Joachim Soll JHV 2018<\/li>\n<li><a href=\"https:\/\/kolonialmarken.de\/wp-content\/uploads\/2022\/10\/DOA-Krieg-Nachgebu%CC%88hr-Deutsch-Ostafrika-Oberhausen-2017.pdf\">Nachgeb\u00fchr auf Post nach bzw. von DOA<\/a> Harald Krieg RT Oberhausen 2017<\/li>\n<li><a href=\"https:\/\/kolonialmarken.de\/wp-content\/uploads\/2022\/10\/DOA-Krieg-Aushilfsjahreszahlen-DOA-2014.pdf\">Deutsch Ostafrika &#8211; Die Aushilfsjahreszahlen von 1893<\/a> Harald Krieg JHV 2014<\/li>\n<li><a href=\"https:\/\/kolonialmarken.de\/wp-content\/uploads\/2022\/10\/DOA-Kessing-Emin-Pascha-Expedition.pdf\">Emin Pascha Expedition 1890-1892<\/a> J\u00fcrgen Kessing JHV 2013<\/li>\n<li><a href=\"https:\/\/kolonialmarken.de\/wp-content\/uploads\/2022\/10\/DOA-Manfred-Iwan-Langenburg-2011.pdf\">Die Wiessmann\u00b4sch Seeen-Expedition Gr\u00fcndung der Station Langenburg<\/a> Manfred Iwan JHV 2011<\/li>\n<li><a href=\"https:\/\/kolonialmarken.de\/wp-content\/uploads\/2022\/10\/DOA-Zavatoni-Italien-und-DOA-2011.pdf\">Italien und Deutsch-Ostafrika<\/a> Paolo Zavattoni JHV 2011<\/li>\n<li><span><a href=\"https:\/\/kolonialmarken.de\/wp-content\/uploads\/2025\/12\/Meyer-Claus-Peter-Das-Geld-Bank-und-Waehrungswesen-im-ehemaligen-Schutzgebiet-Deutsch-Ostafrika-MR-5-2004-S.-45-52.pdf\" target=\"_blank\" rel=\"noopener\">Das Geld-, Bank- und W\u00e4hrungswesen im ehemaligen Schutzgebiet Deutsch-Ostafrika<\/a><span>\u00a0<\/span>Claus-Peter Meyer M\u00fcnzenRevue 05\/2004<span> <span class=\"S1PPyQ\" style=\"color: #ff0000;\"><strong>New!<\/strong><\/span><\/span><\/span><\/li>\n<\/ul>\n<\/blockquote>\n<p>&nbsp;<\/p>\n<h2>German South West Africa<\/h2>\n<blockquote>\n<ul>\n<li><a href=\"https:\/\/kolonialmarken.de\/wp-content\/uploads\/2022\/10\/DSWA-Kiepe-Wenzels-Frankaturen-Schiff-mit-Wz.-2017.pdf\">Wenzels Frankaturen Schiffs-Ausgabe mit Wasserzeichen<\/a> Dr. Hansj\u00fcrgen Kiepe JHV 2017<\/li>\n<li><a href=\"https:\/\/kolonialmarken.de\/wp-content\/uploads\/2022\/10\/DSWA-Kiepe-Wenzels-Frankaturen-Vorla%CC%88ufer-2016.pdf\">Wenzels Frankaturen Vorl\u00e4ufer und Mitl\u00e4ufer<\/a> Dr. Hansj\u00fcrgen Kiepe JHV 2016<\/li>\n<li><a href=\"https:\/\/kolonialmarken.de\/wp-content\/uploads\/2022\/10\/DSWA-Kiepe-Markenkunde-Schiffs-Ausgaben-2012.pdf\">Kleine Markenkunde der Schiffs-Ausgaben am Beispiel Deutsch-S\u00fcdwestafrika<\/a> Dr. Hansj\u00fcrgen Kiepe JHV 2012<\/li>\n<li><a href=\"https:\/\/kolonialmarken.de\/wp-content\/uploads\/2022\/10\/DSWA-Kiepe-Markenkunde-U%CC%88berdruck-2011.pdf\">Kleine Markenkunde der \u00dcberdruck-Ausgaben am Beispiel Deutsch-S\u00fcdwestafrika<\/a> Dr. Hansj\u00fcrgen Kiepe JHV 2011<\/li>\n<li><a href=\"https:\/\/kolonialmarken.de\/wp-content\/uploads\/2022\/10\/DSWA-Kiepe-Capstadt-Linie-2007.pdf\">Die Seepost Deutsch-S\u00fcdwestafrika \u2013 Capstadt 1897 \u2013 1914<\/a> Dr. Hansj\u00fcrgen Kiepe JHV 2007<\/li>\n<li><a href=\"https:\/\/kolonialmarken.de\/wp-content\/uploads\/2022\/10\/DSWA-Kiepe-Fru%CC%88he-Briefe-Su%CC%88dwestafrika-2006.pdf\">Fr\u00fche Briefe S\u00fcdwestafrika<\/a> Dr. Hansj\u00fcrgen Kiepe JHV 2006<\/li>\n<\/ul>\n<\/blockquote>\n<p>&nbsp;<\/p>\n<h2>Cameroon<span style=\"font-size: 14px; color: #666666;\"><\/span><\/h2>\n<blockquote>\n<ul>\n<li><a href=\"https:\/\/kolonialmarken.de\/wp-content\/uploads\/2025\/06\/4-N-Kamarun-Praesentation-Arge-2025.pdf\" target=\"_blank\" rel=\"noopener\">Fr\u00fche postalische Verbindungen von der Batangak\u00fcste in Kamerun<\/a><span>\u00a0<\/span>Michael Kubenz JHV 2025<\/li>\n<li><a href=\"https:\/\/kolonialmarken.de\/wp-content\/uploads\/2025\/06\/Telegramm-Einschreiben.pdf\" target=\"_blank\" rel=\"noopener\">Kamerun Telegramm Einschreiben<\/a><span>\u00a0<\/span>Philipp Ruge JHV 2025<\/li>\n<li><a href=\"https:\/\/kolonialmarken.de\/wp-content\/uploads\/2025\/06\/AUS-WESTAFRIKA.pdf\" target=\"_blank\" rel=\"noopener\">Eine Paketkarte mit dem Stempel AUS WESTAFRIKA\u00dcBER HAMBURG 2<\/a><span>\u00a0<\/span>Philipp Ruge JHV 2025<\/li>\n<li><a href=\"https:\/\/kolonialmarken.de\/wp-content\/uploads\/2024\/02\/Vortrag-Rio-del-Rey.pdf\" target=\"_blank\" rel=\"noopener\">Dienstsiegel-Entwertung \u201eKaiserlich Deutsche Zollstation in Rio del Rey\u201c 1896<\/a>\u00a0 Markus Kreckel RT Hannover 2024<\/li>\n<li><a href=\"https:\/\/kolonialmarken.de\/wp-content\/uploads\/2022\/10\/Kamerun-Ruge-Wertbriefe-2022.pdf\">Wertbriefe aus Kamerun<\/a> Philipp Ruge JHV 2022<\/li>\n<li><a href=\"https:\/\/kolonialmarken.de\/wp-content\/uploads\/2022\/10\/Kamerun-Ruge-Mit-Ablosungsdampfern-der-Marine-befo%CC%88rderte-Heimatpost-2022.pdf\">Mit Abl\u00f6sungsdampfern der Marine bef\u00f6rderte Heimatpost 1890 &#8211; 1897<\/a> Philipp Ruge JHV 2022<\/li>\n<li><a href=\"https:\/\/kolonialmarken.de\/wp-content\/uploads\/2022\/10\/kamerun-Ruge-Postanweisungsdienst-in-Kamerun-2019.pdf\">Der Postanweisungsdienst in Kamerun<\/a> Philipp Ruge JHV 2019<\/li>\n<li><a href=\"https:\/\/kolonialmarken.de\/wp-content\/uploads\/2022\/10\/Kamerun-Ruge-Nachnahme-2017.pdf\">Der Nachnahmedienst in Kamerun<\/a> Philipp Ruge JHV 2017<\/li>\n<li><a href=\"https:\/\/kolonialmarken.de\/wp-content\/uploads\/2022\/10\/Kamerun-No%CC%88ssig-Ruge-Der-Stempel-Kamerun-2016.pdf\">Der Stempel Kamerun<\/a> Tilmann N\u00f6ssig, Philipp Ruge JHV 2016<\/li>\n<li><a href=\"https:\/\/kolonialmarken.de\/wp-content\/uploads\/2022\/10\/Kamerun-Ruge-Postverzollung-2014.pdf\">Postverzollung in Kamerun<\/a> Philipp Ruge JHV 2014<\/li>\n<li><a href=\"https:\/\/kolonialmarken.de\/wp-content\/uploads\/2022\/10\/Kamerun-Fru%CC%88he-Post-Eitzmann-2011.pdf\">Fr\u00fche Post aus Kamerun<\/a> Gustav Eitzmann JHV 2011<\/li>\n<\/ul>\n<\/blockquote>\n<p>&nbsp;<\/p>\n<h2>Kiaochow<\/h2>\n<p>&nbsp;<\/p>\n<h2>South Pacific Colonies<\/h2>\n<blockquote>\n<ul>\n<li><a href=\"https:\/\/kolonialmarken.de\/wp-content\/uploads\/2022\/10\/Su%CC%88dsee-Neuguinea-Provinsky-Kerawara-2013.pdf\">German <span>New Guinea<\/span>: Postagentur und Poststempel Kerawara 1888 bis 1891<\/a> Dr. Peter Provinsky JHV 2013<\/li>\n<li><a href=\"https:\/\/kolonialmarken.de\/wp-content\/uploads\/2022\/10\/Su%CC%88dsee-Karolinen-Kubens-Brekenfeld-Angaur-2017.pdf\"><span>Caroline Islands<\/span>: Angaur<\/a> Dr. Michael Kubenz, Carsten Brekenfeld JHV 2017<\/li>\n<li><a href=\"https:\/\/kolonialmarken.de\/wp-content\/uploads\/2022\/10\/Su%CC%88dsee-Marschall-Inseln-No%CC%88ssig-Ohne-JZ-2022.pdf\"><span>Marshall-Islands<\/span>: Pr\u00e4zisierung zur Verwendung Jaluit 1 \u2013 Stempels in seiner Verwendung ohne Jahreszahl<\/a> Tilmann N\u00f6ssig JHV 2022<\/li>\n<li><a href=\"https:\/\/kolonialmarken.de\/wp-content\/uploads\/2022\/10\/Su%CC%88dsee-Samoa-Hermann-Samoaner-Briefe-1895-1900.pdf\">Samoa: Samoaner-Briefe 1896-1900<\/a> Wolfgang Hermann JHV 2019<\/li>\n<li><a href=\"https:\/\/kolonialmarken.de\/wp-content\/uploads\/2025\/06\/3-Stempel-Neu-Guinea-Zweiglinie-c.pdf\" target=\"_blank\" rel=\"noopener\">Seapost: Austral-Japan-Linie Die Verwendung des Stempels \u201eDeutsche Seepost Neu-Guinea-Zweiglinie c\u201c von 1905 \u20131914<\/a><span>\u00a0<\/span>Carsten Brekenfeld JHV 2025<\/li>\n<li><a href=\"https:\/\/kolonialmarken.de\/wp-content\/uploads\/2022\/10\/Su%CC%88dsee-Brekenfeld-Neues-vom-Dampfer-Willehad-2017.pdf\">Seapost: Neues vom Dampfer Willehad<\/a> Carsten Brekenfeld JHV 2017<\/li>\n<\/ul>\n<\/blockquote>\n<h2>Togo<\/h2>\n<p>&nbsp;<\/p>\n<h2>General\/Others<\/h2>\n<blockquote>\n<ul>\n<li><span><a href=\"https:\/\/kolonialmarken.de\/wp-content\/uploads\/2025\/12\/Doppelkarten-Postkarten-mit-Frage-und-Antwortteil.pdf\" target=\"_blank\" rel=\"noopener\">Doppelkarten \u2013 Postkarten mit Frage- und Antwortteil<\/a><span>\u00a0<\/span>Karl-Heinz Herhold RT M\u00fclheim 11\/2025<\/span>\u00a0<span> <span class=\"S1PPyQ\" style=\"color: #ff0000;\"><strong>New!<\/strong><\/span><\/span><\/li>\n<li><a href=\"https:\/\/kolonialmarken.de\/wp-content\/uploads\/2025\/06\/Kolonialbahnen-2.pdf\" target=\"_blank\" rel=\"noopener\">Bau- und Betriebsgesellschaft Friedich Lenz &amp; Co. GmbH<\/a><span>\u00a0<\/span>Hans-Dieter Rammelt JHV 2025<\/li>\n<li><a href=\"https:\/\/kolonialmarken.de\/wp-content\/uploads\/2022\/10\/Allgemein-Eitzmann-SMS-Habicht-2017.pdf\">SMS Habicht<\/a> Gustav Eitzmann JHV 2017<\/li>\n<li><a href=\"https:\/\/kolonialmarken.de\/wp-content\/uploads\/2022\/10\/Allgemein-Eitzmann-Schlafkrankheit-2016.pdf\">Schlafkrankheit in Deutsch-Ostafrika und Kamerun<\/a> Gustav Eitzmann JHV 2016<\/li>\n<li><a href=\"https:\/\/kolonialmarken.de\/wp-content\/uploads\/2022\/10\/Allgemein-Kessing-fru%CC%88he-Expeditionen-2016.pdf\">Fr\u00fche Expeditionen<\/a> J\u00fcrgen Kessing JHV 2016<\/li>\n<li><a href=\"https:\/\/kolonialmarken.de\/wp-content\/uploads\/2022\/10\/Allgemein-Kiepe-Nachnahme-2014.pdf\">Nachnahme Dr. Hansj\u00fcrgen Kiepe<\/a> JHV 2014<\/li>\n<li><a href=\"https:\/\/kolonialmarken.de\/wp-content\/uploads\/2022\/10\/Allgemein-Kiepe-Gru%CC%88ndung-der-AG-2013.pdf\">Die Gr\u00fcndung der Arbeitsgemeinschaft<\/a> Dr. Hansj\u00fcrgen Kiepe JHV 2013<\/li>\n<li><a href=\"https:\/\/kolonialmarken.de\/wp-content\/uploads\/2022\/10\/Allgemein-Kiepe-Geschichte-des-Stempelkatalogs-2008.pdf\">Geschichte des Stempelkataloges<\/a> Dr. Hansj\u00fcrgen Kiepe JHV 2008<\/li>\n<li><a href=\"https:\/\/kolonialmarken.de\/wp-content\/uploads\/2022\/10\/Allgemein-Kiepe-Erfurt-Briefe-an-Stenger-Rotter-2007.pdf\">Briefe an Stenger &amp; Rotter Erfurt<\/a> Dr. Hansj\u00fcrgen Kiepe JHV 2007<\/li>\n<\/ul>\n<\/blockquote>\n<p>[\/et_pb_text][\/et_pb_column][\/et_pb_row][\/et_pb_section]<\/p>\n","protected":false},"excerpt":{"rendered":"<p>Presentations PDFOn this page you will find presentations in PDF format given by our members at annual general meetings (JHV) or regional meetings (RT), as well as articles published elsewhere. The copyright of these publications remains with the authors. The use of an excerpt is permitted provided the reference is given and this page is [&hellip;]<\/p>\n","protected":false},"author":1,"featured_media":0,"parent":0,"menu_order":0,"comment_status":"closed","ping_status":"closed","template":"","meta":{"_bbp_topic_count":0,"_bbp_reply_count":0,"_bbp_total_topic_count":0,"_bbp_total_reply_count":0,"_bbp_voice_count":0,"_bbp_anonymous_reply_count":0,"_bbp_topic_count_hidden":0,"_bbp_reply_count_hidden":0,"_bbp_forum_subforum_count":0,"_et_pb_use_builder":"on","_et_pb_old_content":"","_et_gb_content_width":"","_crdt_document":"","footnotes":""},"class_list":["post-1882","page","type-page","status-publish","hentry"],"_links":{"self":[{"href":"https:\/\/kolonialmarken.de\/en\/wp-json\/wp\/v2\/pages\/1882","targetHints":{"allow":["GET"]}}],"collection":[{"href":"https:\/\/kolonialmarken.de\/en\/wp-json\/wp\/v2\/pages"}],"about":[{"href":"https:\/\/kolonialmarken.de\/en\/wp-json\/wp\/v2\/types\/page"}],"author":[{"embeddable":true,"href":"https:\/\/kolonialmarken.de\/en\/wp-json\/wp\/v2\/users\/1"}],"replies":[{"embeddable":true,"href":"https:\/\/kolonialmarken.de\/en\/wp-json\/wp\/v2\/comments?post=1882"}],"version-history":[{"count":10,"href":"https:\/\/kolonialmarken.de\/en\/wp-json\/wp\/v2\/pages\/1882\/revisions"}],"predecessor-version":[{"id":3034,"href":"https:\/\/kolonialmarken.de\/en\/wp-json\/wp\/v2\/pages\/1882\/revisions\/3034"}],"wp:attachment":[{"href":"https:\/\/kolonialmarken.de\/en\/wp-json\/wp\/v2\/media?parent=1882"}],"curies":[{"name":"wp","href":"https:\/\/api.w.org\/{rel}","templated":true}]}}